{"id":2697,"date":"2019-08-19T16:27:03","date_gmt":"2019-08-19T13:27:03","guid":{"rendered":"http:\/\/bucadent.com.tr\/?page_id=2697"},"modified":"2024-02-06T11:31:47","modified_gmt":"2024-02-06T08:31:47","slug":"implant-treatment","status":"publish","type":"page","link":"https:\/\/denizdoganklinik.com\/en\/implant-treatment\/","title":{"rendered":"Implant Treatment"},"content":{"rendered":"<p>[vc_row][vc_column][vc_column_text]Dental implantlar, kaybedilen di\u015flerin yerine konmas\u0131 i\u00e7in titanyumdan yap\u0131lan yapay k\u00f6klerdir. Bu implantlar \u00e7ene kemi\u011fine yerle\u015ftirilir ve \u00fczerine \u00f6zel tasarlanm\u0131\u015f di\u015f protezleri veya kronlar eklenerek estetik ve fonksiyonel bir g\u00fcl\u00fc\u015f elde edilir.<\/p>\n<p><strong>Why Implant Treatment?<\/strong><\/p>\n<p>Natural Appearance: Implants offer an aesthetic similar to natural teeth.<br \/>\nRobust and Durable: The titanium structure creates a strong and durable jaw structure.<br \/>\nPermanent Solution: With good care, implants can be used for life.<br \/>\nJawbone Protection: It supports oral health by protecting the jawbone.<\/p>\n<p><strong>Our services:<\/strong><\/p>\n<p>Single Dental Implant: The application of an implant to replace a single missing tooth.<br \/>\nJaw Implants: Jaw implants applied to patients with more than one missing tooth.<br \/>\nFull Jaw Implants: Full jaw implants in cases where all the teeth are missing.<br \/>\nAll-on-4 Implants: Fixed prosthesis application on four implants.<\/p>\n<p>[\/vc_column_text][\/vc_column][\/vc_row]<\/p>\n","protected":false},"excerpt":{"rendered":"<p>[vc_row][vc_column][vc_column_text]Dental implantlar, kaybedilen di\u015flerin yerine konmas\u0131 i\u00e7in titanyumdan yap\u0131lan yapay k\u00f6klerdir. Bu implantlar \u00e7ene kemi\u011fine yerle\u015ftirilir ve \u00fczerine \u00f6zel tasarlanm\u0131\u015f di\u015f protezleri veya kronlar eklenerek estetik ve fonksiyonel bir g\u00fcl\u00fc\u015f elde edilir. Why Implant Treatment? Natural Appearance: Implants offer an aesthetic similar to natural teeth. Robust and Durable: The titanium structure creates a strong and<\/p>\n","protected":false},"author":1,"featured_media":3294,"parent":0,"menu_order":0,"comment_status":"closed","ping_status":"closed","template":"","meta":{"footnotes":""},"_links":{"self":[{"href":"https:\/\/denizdoganklinik.com\/en\/wp-json\/wp\/v2\/pages\/2697"}],"collection":[{"href":"https:\/\/denizdoganklinik.com\/en\/wp-json\/wp\/v2\/pages"}],"about":[{"href":"https:\/\/denizdoganklinik.com\/en\/wp-json\/wp\/v2\/types\/page"}],"author":[{"embeddable":true,"href":"https:\/\/denizdoganklinik.com\/en\/wp-json\/wp\/v2\/users\/1"}],"replies":[{"embeddable":true,"href":"https:\/\/denizdoganklinik.com\/en\/wp-json\/wp\/v2\/comments?post=2697"}],"version-history":[{"count":5,"href":"https:\/\/denizdoganklinik.com\/en\/wp-json\/wp\/v2\/pages\/2697\/revisions"}],"predecessor-version":[{"id":3328,"href":"https:\/\/denizdoganklinik.com\/en\/wp-json\/wp\/v2\/pages\/2697\/revisions\/3328"}],"wp:featuredmedia":[{"embeddable":true,"href":"https:\/\/denizdoganklinik.com\/en\/wp-json\/wp\/v2\/media\/3294"}],"wp:attachment":[{"href":"https:\/\/denizdoganklinik.com\/en\/wp-json\/wp\/v2\/media?parent=2697"}],"curies":[{"name":"wp","href":"https:\/\/api.w.org\/{rel}","templated":true}]}}